{"id":9146,"date":"2025-06-06T11:54:28","date_gmt":"2025-06-06T09:54:28","guid":{"rendered":"https:\/\/www.commander1024.de\/wordpress\/?page_id=9146"},"modified":"2025-06-20T16:19:01","modified_gmt":"2025-06-20T14:19:01","slug":"retro-arcade-anleitung","status":"publish","type":"page","link":"https:\/\/www.commander1024.de\/wordpress\/retro-arcade-anleitung\/","title":{"rendered":"Retro Arcade Anleitung"},"content":{"rendered":"\n <p> <em>tl;dr:<\/em> In der <a href=\"https:\/\/b-side.ms\/\">B-<\/a><a href=\"https:\/\/b-side.ms\/\" target=\"_blank\" rel=\"noreferrer noopener\">Side<\/a> ist ein Retro Arcade Automat aufgetaucht. Und Du bist hier gelandet, weil Du vor ihm stehst und nicht wei\u00dft, wie Du das gerade laufende Spiel beenden kannst. Jedes Spiel kann durch Dr\u00fccken von <kbd><strong>[P1: Start]<\/strong><\/kbd> + <kbd><strong>[P1: Select]<\/strong><\/kbd> beendet werden. Das sind die linken beiden an der Vorderseite des Automaten. <\/p> \n\n\n\n<h2 class=\"wp-block-heading\">Tastenbelegung<\/h2>\n\n\n\n <p> Die Tastenbelegung ist von der Nintendo-Belegung inspiriert. <kbd>[<strong>A<\/strong>]<\/kbd> ist im emulationstation Men\u00fc (Plattform- und Spieleauswahl) dementsprechend &#8222;best\u00e4tigen&#8220; und <kbd>[<strong>B<\/strong>]<\/kbd> &#8222;zur\u00fcck&#8220;. <\/p> \n\n\n\n<figure data-wp-context=\"{&quot;imageId&quot;:&quot;69dc7af565853&quot;}\" data-wp-interactive=\"core\/image\" data-wp-key=\"69dc7af565853\" class=\"wp-block-image size-large wp-lightbox-container\"><img loading=\"lazy\" decoding=\"async\" width=\"1920\" height=\"864\" data-wp-class--hide=\"state.isContentHidden\" data-wp-class--show=\"state.isContentVisible\" data-wp-init=\"callbacks.setButtonStyles\" data-wp-on--click=\"actions.showLightbox\" data-wp-on--load=\"callbacks.setButtonStyles\" data-wp-on-window--resize=\"callbacks.setButtonStyles\" src=\"https:\/\/www.commander1024.de\/wordpress\/wp-content\/uploads\/2025\/01\/IMG20241205110157-1920x864.jpg\" alt=\"Mit Labelprinter erstellte Beschriftungen der Kn\u00f6pfe\" class=\"wp-image-8907\" srcset=\"https:\/\/www.commander1024.de\/wordpress\/wp-content\/uploads\/2025\/01\/IMG20241205110157-1920x864.jpg 1920w, https:\/\/www.commander1024.de\/wordpress\/wp-content\/uploads\/2025\/01\/IMG20241205110157-800x360.jpg 800w, https:\/\/www.commander1024.de\/wordpress\/wp-content\/uploads\/2025\/01\/IMG20241205110157-300x135.jpg 300w, https:\/\/www.commander1024.de\/wordpress\/wp-content\/uploads\/2025\/01\/IMG20241205110157-768x346.jpg 768w, https:\/\/www.commander1024.de\/wordpress\/wp-content\/uploads\/2025\/01\/IMG20241205110157-1536x691.jpg 1536w, https:\/\/www.commander1024.de\/wordpress\/wp-content\/uploads\/2025\/01\/IMG20241205110157-2048x922.jpg 2048w\" sizes=\"auto, (max-width: 1920px) 100vw, 1920px\" \/><button\n\t\t\tclass=\"lightbox-trigger\"\n\t\t\ttype=\"button\"\n\t\t\taria-haspopup=\"dialog\"\n\t\t\taria-label=\"Vergr\u00f6\u00dfern\"\n\t\t\tdata-wp-init=\"callbacks.initTriggerButton\"\n\t\t\tdata-wp-on--click=\"actions.showLightbox\"\n\t\t\tdata-wp-style--right=\"state.imageButtonRight\"\n\t\t\tdata-wp-style--top=\"state.imageButtonTop\"\n\t\t>\n\t\t\t<svg xmlns=\"http:\/\/www.w3.org\/2000\/svg\" width=\"12\" height=\"12\" fill=\"none\" viewBox=\"0 0 12 12\">\n\t\t\t\t<path fill=\"#fff\" d=\"M2 0a2 2 0 0 0-2 2v2h1.5V2a.5.5 0 0 1 .5-.5h2V0H2Zm2 10.5H2a.5.5 0 0 1-.5-.5V8H0v2a2 2 0 0 0 2 2h2v-1.5ZM8 12v-1.5h2a.5.5 0 0 0 .5-.5V8H12v2a2 2 0 0 1-2 2H8Zm2-12a2 2 0 0 1 2 2v2h-1.5V2a.5.5 0 0 0-.5-.5H8V0h2Z\" \/>\n\t\t\t<\/svg>\n\t\t<\/button><\/figure>\n\n\n\n <p> In den Emulatoren werden die Tasten nach ihrer physischen Anordnung zugeordnet. Beim Super Nintendo entspricht die Belegung dem Aufdruck. <\/p> \n\n\n\n<figure data-wp-context=\"{&quot;imageId&quot;:&quot;69dc7af566e8e&quot;}\" data-wp-interactive=\"core\/image\" data-wp-key=\"69dc7af566e8e\" class=\"wp-block-image size-full wp-lightbox-container\"><img loading=\"lazy\" decoding=\"async\" width=\"1768\" height=\"851\" data-wp-class--hide=\"state.isContentHidden\" data-wp-class--show=\"state.isContentVisible\" data-wp-init=\"callbacks.setButtonStyles\" data-wp-on--click=\"actions.showLightbox\" data-wp-on--load=\"callbacks.setButtonStyles\" data-wp-on-window--resize=\"callbacks.setButtonStyles\" src=\"https:\/\/www.commander1024.de\/wordpress\/wp-content\/uploads\/2025\/06\/snes.png\" alt=\"Super Nintendo Controller Belegung\" class=\"wp-image-9131\" srcset=\"https:\/\/www.commander1024.de\/wordpress\/wp-content\/uploads\/2025\/06\/snes.png 1768w, https:\/\/www.commander1024.de\/wordpress\/wp-content\/uploads\/2025\/06\/snes-800x385.png 800w, https:\/\/www.commander1024.de\/wordpress\/wp-content\/uploads\/2025\/06\/snes-300x144.png 300w, https:\/\/www.commander1024.de\/wordpress\/wp-content\/uploads\/2025\/06\/snes-768x370.png 768w, https:\/\/www.commander1024.de\/wordpress\/wp-content\/uploads\/2025\/06\/snes-1536x739.png 1536w\" sizes=\"auto, (max-width: 1768px) 100vw, 1768px\" \/><button\n\t\t\tclass=\"lightbox-trigger\"\n\t\t\ttype=\"button\"\n\t\t\taria-haspopup=\"dialog\"\n\t\t\taria-label=\"Vergr\u00f6\u00dfern\"\n\t\t\tdata-wp-init=\"callbacks.initTriggerButton\"\n\t\t\tdata-wp-on--click=\"actions.showLightbox\"\n\t\t\tdata-wp-style--right=\"state.imageButtonRight\"\n\t\t\tdata-wp-style--top=\"state.imageButtonTop\"\n\t\t>\n\t\t\t<svg xmlns=\"http:\/\/www.w3.org\/2000\/svg\" width=\"12\" height=\"12\" fill=\"none\" viewBox=\"0 0 12 12\">\n\t\t\t\t<path fill=\"#fff\" d=\"M2 0a2 2 0 0 0-2 2v2h1.5V2a.5.5 0 0 1 .5-.5h2V0H2Zm2 10.5H2a.5.5 0 0 1-.5-.5V8H0v2a2 2 0 0 0 2 2h2v-1.5ZM8 12v-1.5h2a.5.5 0 0 0 .5-.5V8H12v2a2 2 0 0 1-2 2H8Zm2-12a2 2 0 0 1 2 2v2h-1.5V2a.5.5 0 0 0-.5-.5H8V0h2Z\" \/>\n\t\t\t<\/svg>\n\t\t<\/button><\/figure>\n\n\n\n <p> Beim Beispiel Playstation wird aus <strong><kbd>[B]<\/kbd><\/strong> -&gt; <strong><kbd>[X]<\/kbd><\/strong> und aus <strong><kbd>[A]<\/kbd><\/strong> -&gt; <strong><kbd>[O]<\/kbd><\/strong>. <\/p> \n\n\n\n<figure data-wp-context=\"{&quot;imageId&quot;:&quot;69dc7af568553&quot;}\" data-wp-interactive=\"core\/image\" data-wp-key=\"69dc7af568553\" class=\"wp-block-image size-full wp-lightbox-container\"><img loading=\"lazy\" decoding=\"async\" width=\"1602\" height=\"1000\" data-wp-class--hide=\"state.isContentHidden\" data-wp-class--show=\"state.isContentVisible\" data-wp-init=\"callbacks.setButtonStyles\" data-wp-on--click=\"actions.showLightbox\" data-wp-on--load=\"callbacks.setButtonStyles\" data-wp-on-window--resize=\"callbacks.setButtonStyles\" src=\"https:\/\/www.commander1024.de\/wordpress\/wp-content\/uploads\/2025\/06\/ps1.png\" alt=\"Playstation 1 Controller Belegung\" class=\"wp-image-9129\" srcset=\"https:\/\/www.commander1024.de\/wordpress\/wp-content\/uploads\/2025\/06\/ps1.png 1602w, https:\/\/www.commander1024.de\/wordpress\/wp-content\/uploads\/2025\/06\/ps1-800x499.png 800w, https:\/\/www.commander1024.de\/wordpress\/wp-content\/uploads\/2025\/06\/ps1-300x187.png 300w, https:\/\/www.commander1024.de\/wordpress\/wp-content\/uploads\/2025\/06\/ps1-768x479.png 768w, https:\/\/www.commander1024.de\/wordpress\/wp-content\/uploads\/2025\/06\/ps1-1536x959.png 1536w\" sizes=\"auto, (max-width: 1602px) 100vw, 1602px\" \/><button\n\t\t\tclass=\"lightbox-trigger\"\n\t\t\ttype=\"button\"\n\t\t\taria-haspopup=\"dialog\"\n\t\t\taria-label=\"Vergr\u00f6\u00dfern\"\n\t\t\tdata-wp-init=\"callbacks.initTriggerButton\"\n\t\t\tdata-wp-on--click=\"actions.showLightbox\"\n\t\t\tdata-wp-style--right=\"state.imageButtonRight\"\n\t\t\tdata-wp-style--top=\"state.imageButtonTop\"\n\t\t>\n\t\t\t<svg xmlns=\"http:\/\/www.w3.org\/2000\/svg\" width=\"12\" height=\"12\" fill=\"none\" viewBox=\"0 0 12 12\">\n\t\t\t\t<path fill=\"#fff\" d=\"M2 0a2 2 0 0 0-2 2v2h1.5V2a.5.5 0 0 1 .5-.5h2V0H2Zm2 10.5H2a.5.5 0 0 1-.5-.5V8H0v2a2 2 0 0 0 2 2h2v-1.5ZM8 12v-1.5h2a.5.5 0 0 0 .5-.5V8H12v2a2 2 0 0 1-2 2H8Zm2-12a2 2 0 0 1 2 2v2h-1.5V2a.5.5 0 0 0-.5-.5H8V0h2Z\" \/>\n\t\t\t<\/svg>\n\t\t<\/button><\/figure>\n\n\n\n <p> Alle Tastenbelegungen sind unter &#8222;Emulator&#8220; in der <a href=\"https:\/\/retropie.org.uk\/docs\/\" target=\"_blank\" rel=\"noreferrer noopener\">RetroPie doku<\/a> verf\u00fcgbar. <\/p> \n\n\n\n <p> Theoretisch gibt es auch die M\u00f6glichkeit, USB und Bluetooth Controller zu verbinden, aber das wurde noch nicht hinreichend getestet. <\/p> \n\n\n\n<h2 class=\"wp-block-heading\">Troubleshooting<\/h2>\n\n\n\n <p> Oh nein! Etwas Doofes ist passiert. Der Automat reagiert nicht mehr auf Eingaben, das laufende Spiel l\u00e4sst sich nicht mehr mit <kbd><strong>[P1: Start]<\/strong><\/kbd> + <kbd><strong>[P1: Select]<\/strong><\/kbd> beenden oder es ist nur noch Text auf schwarzem Grund zu sehen. Dann gibt es hinten rechts einen Kippschalter, mit dem Du das  Ger\u00e4t vom Strom trennen und wieder einschalten kannst. <strong>Bitte nur im Notfall benutzen<\/strong> &#8211; das mag das Dateisystem gar nicht gerne. <\/p> \n\n\n\n<h2 class=\"wp-block-heading\">Nutzungszeiten<\/h2>\n\n\n\n <p> Der Retro Arcade Automat schaltet sich mitteils einer Zeitschaltuhr jeden Tag um 10 Uhr ein. Er f\u00e4hrt sich um 0:50 von selbst herunter und wird 10 Minuten sp\u00e4ter um 01:00 von der Steckdosenleiste abgeschaltet. <\/p> \n\n\n\n <p> Wenn er abgeschaltet werden soll, <em>fahr den Automaten bitte herunter, um Sch\u00e4den am Dateisystem zu vermeiden<\/em>. Im Hauptmen\u00fc <kbd><strong>[P1: Start]<\/strong><\/kbd>, mit Stick auf Quit gehen, <strong><kbd><\/kbd><kbd>[<strong>A<\/strong>]<\/kbd><\/strong> dr\u00fccken, System herunterfahren ausw\u00e4hlen und mit <strong><kbd><\/kbd><kbd>[<strong>A<\/strong>]<\/kbd><\/strong> best\u00e4tigen. <\/p> \n\n\n\n <p> Der Apparat wurde so gebaut, der Umwelt zuliebe so wenig Energie wie m\u00f6glich zu verbrauchen. Ein Raspberry Pi treibt ihn an und wir haben den Monitor extra auf LED umger\u00fcstet. Auch die Marqueebeleuchtung besteht aus LEDs. So verbraucht er eingeschaltet nur etwa 30W. Das entspricht 164,25kWh im Jahr &#8211; sofern er wirklich jeden Tag 15 Stunden lang liefe. <\/p> \n\n\n\n <p> Wenn Dich interessiert, wie er gebaut wurde: <a href=\"https:\/\/www.commander1024.de\/wordpress\/2025\/01\/retro-arcade-bartop-cabinet-retropie-emulation\/\" target=\"_blank\" rel=\"noreferrer noopener\">hier entlang<\/a>. Die Bilder in dem Artikel sind allerdings von seinem Bruder-Automaten. <\/p> \n\n\n\n<h2 class=\"wp-block-heading\">Datenschutz<\/h2>\n\n\n\n <p> Der Retro Arcade Automat hat \u00fcber das Freifunk WLAN eine Internetverbindung, nutzt diese aber haupts\u00e4chlich um die Uhrzeit zu stellen. Ansonsten nutzt er die Internetverbindung nur f\u00fcr manuell anzusto\u00dfende Updates und die Aktualisierung der Screenshots\/Videos\/Logos im Zuge der Wartung. <\/p> \n\n\n\n <p> Der Automat teilt seine IP \u00fcber Zeroconf\/Avahi\/Bonjour mit, wenn man im Freifunk WLAN nach <kbd>retroarcade.local<\/kbd> fragt &#8211; scheinbar aber nicht immer. <span class=\"wp-font-emots-emo-unhappy\"><\/span> Er h\u00e4lt lediglich einen SSH-Port f\u00fcr die Wartung offen, der Authentifizierung verlangt. <\/p> \n\n\n\n <p> Es werden vollkommen anonyme Nutzungsstatistiken gesammelt: Plattform, Spiel, Start- und Stoppzeit. <\/p> \n\n\n\n <p>  <\/p> \n","protected":false},"excerpt":{"rendered":" <p> tl;dr: In der B-Side ist ein Retro Arcade Automat aufgetaucht. Und Du bist hier gelandet, weil Du vor ihm stehst und nicht wei\u00dft, wie Du das gerade laufende Spiel beenden kannst. Jedes Spiel kann durch Dr\u00fccken von [P1: Start] + [P1: Select] beendet werden. Das sind die linken beiden an der Vorderseite des Automaten. Tastenbelegung&hellip; <\/p> \n","protected":false},"author":1,"featured_media":9115,"parent":0,"menu_order":0,"comment_status":"open","ping_status":"closed","template":"page-templates\/nosidebar-page.php","meta":{"footnotes":""},"class_list":["post-9146","page","type-page","status-publish","has-post-thumbnail","hentry","comments-open","has-comments"],"yoast_head":"<!-- This site is optimized with the Yoast SEO plugin v27.3 - https:\/\/yoast.com\/product\/yoast-seo-wordpress\/ -->\n<title>Retro Arcade Anleitung &#8211; Commander1024<\/title>\n<meta name=\"description\" content=\"In der B-Side ist ein Retro Arcade Automat aufgetaucht. Und Du bist hier gelandet, weil Du nicht wei\u00dft, wie Du das Spiel beenden kannst.\" \/>\n<meta name=\"robots\" content=\"index, follow, max-snippet:-1, max-image-preview:large, max-video-preview:-1\" \/>\n<link rel=\"canonical\" href=\"https:\/\/www.commander1024.de\/wordpress\/retro-arcade-anleitung\/\" \/>\n<meta name=\"twitter:label1\" content=\"Gesch\u00e4tzte Lesezeit\" \/>\n\t<meta name=\"twitter:data1\" content=\"4\u00a0Minuten\" \/>\n<script type=\"application\/ld+json\" class=\"yoast-schema-graph\">{\"@context\":\"https:\\\/\\\/schema.org\",\"@graph\":[{\"@type\":\"WebPage\",\"@id\":\"https:\\\/\\\/www.commander1024.de\\\/wordpress\\\/retro-arcade-anleitung\\\/\",\"url\":\"https:\\\/\\\/www.commander1024.de\\\/wordpress\\\/retro-arcade-anleitung\\\/\",\"name\":\"Retro Arcade Anleitung &#8211; Commander1024\",\"isPartOf\":{\"@id\":\"https:\\\/\\\/www.commander1024.de\\\/wordpress\\\/#website\"},\"primaryImageOfPage\":{\"@id\":\"https:\\\/\\\/www.commander1024.de\\\/wordpress\\\/retro-arcade-anleitung\\\/#primaryimage\"},\"image\":{\"@id\":\"https:\\\/\\\/www.commander1024.de\\\/wordpress\\\/retro-arcade-anleitung\\\/#primaryimage\"},\"thumbnailUrl\":\"https:\\\/\\\/www.commander1024.de\\\/wordpress\\\/wp-content\\\/uploads\\\/2025\\\/06\\\/Arcade_Marquee_web-scaled.png\",\"datePublished\":\"2025-06-06T09:54:28+00:00\",\"dateModified\":\"2025-06-20T14:19:01+00:00\",\"description\":\"In der B-Side ist ein Retro Arcade Automat aufgetaucht. Und Du bist hier gelandet, weil Du nicht wei\u00dft, wie Du das Spiel beenden kannst.\",\"breadcrumb\":{\"@id\":\"https:\\\/\\\/www.commander1024.de\\\/wordpress\\\/retro-arcade-anleitung\\\/#breadcrumb\"},\"inLanguage\":\"de\",\"potentialAction\":[{\"@type\":\"ReadAction\",\"target\":[\"https:\\\/\\\/www.commander1024.de\\\/wordpress\\\/retro-arcade-anleitung\\\/\"]}]},{\"@type\":\"ImageObject\",\"inLanguage\":\"de\",\"@id\":\"https:\\\/\\\/www.commander1024.de\\\/wordpress\\\/retro-arcade-anleitung\\\/#primaryimage\",\"url\":\"https:\\\/\\\/www.commander1024.de\\\/wordpress\\\/wp-content\\\/uploads\\\/2025\\\/06\\\/Arcade_Marquee_web-scaled.png\",\"contentUrl\":\"https:\\\/\\\/www.commander1024.de\\\/wordpress\\\/wp-content\\\/uploads\\\/2025\\\/06\\\/Arcade_Marquee_web-scaled.png\",\"width\":2560,\"height\":603},{\"@type\":\"BreadcrumbList\",\"@id\":\"https:\\\/\\\/www.commander1024.de\\\/wordpress\\\/retro-arcade-anleitung\\\/#breadcrumb\",\"itemListElement\":[{\"@type\":\"ListItem\",\"position\":1,\"name\":\"Startseite\",\"item\":\"https:\\\/\\\/www.commander1024.de\\\/wordpress\\\/\"},{\"@type\":\"ListItem\",\"position\":2,\"name\":\"Retro Arcade Anleitung\"}]},{\"@type\":\"WebSite\",\"@id\":\"https:\\\/\\\/www.commander1024.de\\\/wordpress\\\/#website\",\"url\":\"https:\\\/\\\/www.commander1024.de\\\/wordpress\\\/\",\"name\":\"Dem Commander1024 sein Blog\",\"description\":\"A Network Engineer&#039;s life\",\"publisher\":{\"@id\":\"https:\\\/\\\/www.commander1024.de\\\/wordpress\\\/#\\\/schema\\\/person\\\/aebb61d9f57867e2234becde6d99da8d\"},\"potentialAction\":[{\"@type\":\"SearchAction\",\"target\":{\"@type\":\"EntryPoint\",\"urlTemplate\":\"https:\\\/\\\/www.commander1024.de\\\/wordpress\\\/?s={search_term_string}\"},\"query-input\":{\"@type\":\"PropertyValueSpecification\",\"valueRequired\":true,\"valueName\":\"search_term_string\"}}],\"inLanguage\":\"de\"},{\"@type\":[\"Person\",\"Organization\"],\"@id\":\"https:\\\/\\\/www.commander1024.de\\\/wordpress\\\/#\\\/schema\\\/person\\\/aebb61d9f57867e2234becde6d99da8d\",\"name\":\"Marcus Scholz\",\"image\":{\"@type\":\"ImageObject\",\"inLanguage\":\"de\",\"@id\":\"https:\\\/\\\/www.commander1024.de\\\/wordpress\\\/wp-content\\\/uploads\\\/2020\\\/11\\\/Underground-Tour-89-scaled.jpg\",\"url\":\"https:\\\/\\\/www.commander1024.de\\\/wordpress\\\/wp-content\\\/uploads\\\/2020\\\/11\\\/Underground-Tour-89-scaled.jpg\",\"contentUrl\":\"https:\\\/\\\/www.commander1024.de\\\/wordpress\\\/wp-content\\\/uploads\\\/2020\\\/11\\\/Underground-Tour-89-scaled.jpg\",\"width\":1707,\"height\":2560,\"caption\":\"Marcus Scholz\"},\"logo\":{\"@id\":\"https:\\\/\\\/www.commander1024.de\\\/wordpress\\\/wp-content\\\/uploads\\\/2020\\\/11\\\/Underground-Tour-89-scaled.jpg\"},\"description\":\"Seit Kindheitstagen ist der Computer sein Begleiter. Was mit Linux anfing, wurde 2005 ein\\\/e Beruf\\\/ung, die weit \u00fcber den Arbeitsplatz hinausgeht. Durch stetige Weiterentwicklung fasste er auch im *BSD Segment Fu\u00df und bietet mittlerweile professionelle L\u00f6sungen im Bereich Hosting, Networking und Infrastruktur an. Als Ausgleich besch\u00e4ftigt er sich neben Computerspielen mit der Fotografie.\",\"sameAs\":[\"https:\\\/\\\/www.commander1024.de\",\"https:\\\/\\\/www.facebook.com\\\/Commander1024\",\"https:\\\/\\\/x.com\\\/Commander1024\",\"https:\\\/\\\/www.youtube.com\\\/channel\\\/UCG_WzkCMycoSH7lEcvKHnmA\"]}]}<\/script>\n<!-- \/ Yoast SEO plugin. -->","yoast_head_json":{"title":"Retro Arcade Anleitung &#8211; Commander1024","description":"In der B-Side ist ein Retro Arcade Automat aufgetaucht. Und Du bist hier gelandet, weil Du nicht wei\u00dft, wie Du das Spiel beenden kannst.","robots":{"index":"index","follow":"follow","max-snippet":"max-snippet:-1","max-image-preview":"max-image-preview:large","max-video-preview":"max-video-preview:-1"},"canonical":"https:\/\/www.commander1024.de\/wordpress\/retro-arcade-anleitung\/","twitter_misc":{"Gesch\u00e4tzte Lesezeit":"4\u00a0Minuten"},"schema":{"@context":"https:\/\/schema.org","@graph":[{"@type":"WebPage","@id":"https:\/\/www.commander1024.de\/wordpress\/retro-arcade-anleitung\/","url":"https:\/\/www.commander1024.de\/wordpress\/retro-arcade-anleitung\/","name":"Retro Arcade Anleitung &#8211; Commander1024","isPartOf":{"@id":"https:\/\/www.commander1024.de\/wordpress\/#website"},"primaryImageOfPage":{"@id":"https:\/\/www.commander1024.de\/wordpress\/retro-arcade-anleitung\/#primaryimage"},"image":{"@id":"https:\/\/www.commander1024.de\/wordpress\/retro-arcade-anleitung\/#primaryimage"},"thumbnailUrl":"https:\/\/www.commander1024.de\/wordpress\/wp-content\/uploads\/2025\/06\/Arcade_Marquee_web-scaled.png","datePublished":"2025-06-06T09:54:28+00:00","dateModified":"2025-06-20T14:19:01+00:00","description":"In der B-Side ist ein Retro Arcade Automat aufgetaucht. Und Du bist hier gelandet, weil Du nicht wei\u00dft, wie Du das Spiel beenden kannst.","breadcrumb":{"@id":"https:\/\/www.commander1024.de\/wordpress\/retro-arcade-anleitung\/#breadcrumb"},"inLanguage":"de","potentialAction":[{"@type":"ReadAction","target":["https:\/\/www.commander1024.de\/wordpress\/retro-arcade-anleitung\/"]}]},{"@type":"ImageObject","inLanguage":"de","@id":"https:\/\/www.commander1024.de\/wordpress\/retro-arcade-anleitung\/#primaryimage","url":"https:\/\/www.commander1024.de\/wordpress\/wp-content\/uploads\/2025\/06\/Arcade_Marquee_web-scaled.png","contentUrl":"https:\/\/www.commander1024.de\/wordpress\/wp-content\/uploads\/2025\/06\/Arcade_Marquee_web-scaled.png","width":2560,"height":603},{"@type":"BreadcrumbList","@id":"https:\/\/www.commander1024.de\/wordpress\/retro-arcade-anleitung\/#breadcrumb","itemListElement":[{"@type":"ListItem","position":1,"name":"Startseite","item":"https:\/\/www.commander1024.de\/wordpress\/"},{"@type":"ListItem","position":2,"name":"Retro Arcade Anleitung"}]},{"@type":"WebSite","@id":"https:\/\/www.commander1024.de\/wordpress\/#website","url":"https:\/\/www.commander1024.de\/wordpress\/","name":"Dem Commander1024 sein Blog","description":"A Network Engineer&#039;s life","publisher":{"@id":"https:\/\/www.commander1024.de\/wordpress\/#\/schema\/person\/aebb61d9f57867e2234becde6d99da8d"},"potentialAction":[{"@type":"SearchAction","target":{"@type":"EntryPoint","urlTemplate":"https:\/\/www.commander1024.de\/wordpress\/?s={search_term_string}"},"query-input":{"@type":"PropertyValueSpecification","valueRequired":true,"valueName":"search_term_string"}}],"inLanguage":"de"},{"@type":["Person","Organization"],"@id":"https:\/\/www.commander1024.de\/wordpress\/#\/schema\/person\/aebb61d9f57867e2234becde6d99da8d","name":"Marcus Scholz","image":{"@type":"ImageObject","inLanguage":"de","@id":"https:\/\/www.commander1024.de\/wordpress\/wp-content\/uploads\/2020\/11\/Underground-Tour-89-scaled.jpg","url":"https:\/\/www.commander1024.de\/wordpress\/wp-content\/uploads\/2020\/11\/Underground-Tour-89-scaled.jpg","contentUrl":"https:\/\/www.commander1024.de\/wordpress\/wp-content\/uploads\/2020\/11\/Underground-Tour-89-scaled.jpg","width":1707,"height":2560,"caption":"Marcus Scholz"},"logo":{"@id":"https:\/\/www.commander1024.de\/wordpress\/wp-content\/uploads\/2020\/11\/Underground-Tour-89-scaled.jpg"},"description":"Seit Kindheitstagen ist der Computer sein Begleiter. Was mit Linux anfing, wurde 2005 ein\/e Beruf\/ung, die weit \u00fcber den Arbeitsplatz hinausgeht. Durch stetige Weiterentwicklung fasste er auch im *BSD Segment Fu\u00df und bietet mittlerweile professionelle L\u00f6sungen im Bereich Hosting, Networking und Infrastruktur an. Als Ausgleich besch\u00e4ftigt er sich neben Computerspielen mit der Fotografie.","sameAs":["https:\/\/www.commander1024.de","https:\/\/www.facebook.com\/Commander1024","https:\/\/x.com\/Commander1024","https:\/\/www.youtube.com\/channel\/UCG_WzkCMycoSH7lEcvKHnmA"]}]}},"_links":{"self":[{"href":"https:\/\/www.commander1024.de\/wordpress\/wp-json\/wp\/v2\/pages\/9146","targetHints":{"allow":["GET"]}}],"collection":[{"href":"https:\/\/www.commander1024.de\/wordpress\/wp-json\/wp\/v2\/pages"}],"about":[{"href":"https:\/\/www.commander1024.de\/wordpress\/wp-json\/wp\/v2\/types\/page"}],"author":[{"embeddable":true,"href":"https:\/\/www.commander1024.de\/wordpress\/wp-json\/wp\/v2\/users\/1"}],"replies":[{"embeddable":true,"href":"https:\/\/www.commander1024.de\/wordpress\/wp-json\/wp\/v2\/comments?post=9146"}],"version-history":[{"count":2,"href":"https:\/\/www.commander1024.de\/wordpress\/wp-json\/wp\/v2\/pages\/9146\/revisions"}],"predecessor-version":[{"id":9155,"href":"https:\/\/www.commander1024.de\/wordpress\/wp-json\/wp\/v2\/pages\/9146\/revisions\/9155"}],"wp:featuredmedia":[{"embeddable":true,"href":"https:\/\/www.commander1024.de\/wordpress\/wp-json\/wp\/v2\/media\/9115"}],"wp:attachment":[{"href":"https:\/\/www.commander1024.de\/wordpress\/wp-json\/wp\/v2\/media?parent=9146"}],"curies":[{"name":"wp","href":"https:\/\/api.w.org\/{rel}","templated":true}]}}